{"id":56,"date":"2018-10-09T16:46:12","date_gmt":"2018-10-09T16:46:12","guid":{"rendered":"http:\/\/wp.kargerinfo.com\/?page_id=56"},"modified":"2018-10-13T15:34:45","modified_gmt":"2018-10-13T15:34:45","slug":"impressum","status":"publish","type":"page","link":"https:\/\/www.kargerinfo.com\/?page_id=56","title":{"rendered":"Impressum"},"content":{"rendered":"<p><span style=\"font-family: georgia, palatino, serif;\">Verantwortlich f\u00fcr den Inhalt<\/span><\/p>\n<p><span style=\"font-family: georgia, palatino, serif;\">Philip Karger<\/span><br \/>\n<span style=\"font-family: georgia, palatino, serif;\">Paradieshofstrasse 103<\/span><br \/>\n<span style=\"font-family: georgia, palatino, serif;\">4054 Basel<\/span><br \/>\n<span style=\"font-family: georgia, palatino, serif;\">Schweiz<\/span><\/p>\n<p><span style=\"font-family: georgia, palatino, serif;\">Telefon: +41 61 \u2013 303 25 00<\/span><br \/>\n<span style=\"font-family: georgia, palatino, serif;\">E-Mail: info@kargerinfo.com<\/span><\/p>\n<p><span style=\"font-family: georgia, palatino, serif;\">\u00a9 2018, Philip Karger, Basel<\/span><br \/>\n<span style=\"font-family: georgia, palatino, serif;\">Irrt\u00fcmer und technische \u00c4nderungen vorbehalten.<\/span><\/p>\n<p><span style=\"font-family: georgia, palatino, serif;\">Realisierung und Hosting<\/span><br \/>\n<span style=\"font-family: georgia, palatino, serif;\">univoc GmbH, Loerrach<\/span><\/p>\n<p><a href=\"http:\/\/wp.kargerinfo.com\/\">Zur\u00fcck zur Startseite<\/a><\/p>\n ","protected":false},"excerpt":{"rendered":"<p>Verantwortlich f\u00fcr den Inhalt Philip Karger Paradieshofstrasse 103 4054 Basel Schweiz Telefon: +41 61 \u2013 303 25 00 E-Mail: info@kargerinfo.com \u00a9 2018, Philip Karger, Basel Irrt\u00fcmer und technische \u00c4nderungen vorbehalten. Realisierung und Hosting univoc GmbH, Loerrach Zur\u00fcck zur Startseite<\/p>\n","protected":false},"author":1,"featured_media":0,"parent":0,"menu_order":0,"comment_status":"closed","ping_status":"closed","template":"","meta":{"ocean_post_layout":"","ocean_both_sidebars_style":"","ocean_both_sidebars_content_width":0,"ocean_both_sidebars_sidebars_width":0,"ocean_sidebar":"0","ocean_second_sidebar":"0","ocean_disable_margins":"enable","ocean_add_body_class":"","ocean_shortcode_before_top_bar":"","ocean_shortcode_after_top_bar":"","ocean_shortcode_before_header":"","ocean_shortcode_after_header":"","ocean_has_shortcode":"","ocean_shortcode_after_title":"","ocean_shortcode_before_footer_widgets":"","ocean_shortcode_after_footer_widgets":"","ocean_shortcode_before_footer_bottom":"","ocean_shortcode_after_footer_bottom":"","ocean_display_top_bar":"default","ocean_display_header":"default","ocean_header_style":"","ocean_center_header_left_menu":"0","ocean_custom_header_template":"0","ocean_custom_logo":0,"ocean_custom_retina_logo":0,"ocean_custom_logo_max_width":0,"ocean_custom_logo_tablet_max_width":0,"ocean_custom_logo_mobile_max_width":0,"ocean_custom_logo_max_height":0,"ocean_custom_logo_tablet_max_height":0,"ocean_custom_logo_mobile_max_height":0,"ocean_header_custom_menu":"0","ocean_menu_typo_font_family":"0","ocean_menu_typo_font_subset":"","ocean_menu_typo_font_size":0,"ocean_menu_typo_font_size_tablet":0,"ocean_menu_typo_font_size_mobile":0,"ocean_menu_typo_font_size_unit":"px","ocean_menu_typo_font_weight":"","ocean_menu_typo_font_weight_tablet":"","ocean_menu_typo_font_weight_mobile":"","ocean_menu_typo_transform":"","ocean_menu_typo_transform_tablet":"","ocean_menu_typo_transform_mobile":"","ocean_menu_typo_line_height":0,"ocean_menu_typo_line_height_tablet":0,"ocean_menu_typo_line_height_mobile":0,"ocean_menu_typo_line_height_unit":"","ocean_menu_typo_spacing":0,"ocean_menu_typo_spacing_tablet":0,"ocean_menu_typo_spacing_mobile":0,"ocean_menu_typo_spacing_unit":"","ocean_menu_link_color":"","ocean_menu_link_color_hover":"","ocean_menu_link_color_active":"","ocean_menu_link_background":"","ocean_menu_link_hover_background":"","ocean_menu_link_active_background":"","ocean_menu_social_links_bg":"","ocean_menu_social_hover_links_bg":"","ocean_menu_social_links_color":"","ocean_menu_social_hover_links_color":"","ocean_disable_title":"default","ocean_disable_heading":"default","ocean_post_title":"","ocean_post_subheading":"","ocean_post_title_style":"","ocean_post_title_background_color":"","ocean_post_title_background":0,"ocean_post_title_bg_image_position":"","ocean_post_title_bg_image_attachment":"","ocean_post_title_bg_image_repeat":"","ocean_post_title_bg_image_size":"","ocean_post_title_height":0,"ocean_post_title_bg_overlay":0.5,"ocean_post_title_bg_overlay_color":"","ocean_disable_breadcrumbs":"default","ocean_breadcrumbs_color":"","ocean_breadcrumbs_separator_color":"","ocean_breadcrumbs_links_color":"","ocean_breadcrumbs_links_hover_color":"","ocean_display_footer_widgets":"default","ocean_display_footer_bottom":"default","ocean_custom_footer_template":"0","footnotes":""},"class_list":["post-56","page","type-page","status-publish","hentry","entry"],"_links":{"self":[{"href":"https:\/\/www.kargerinfo.com\/index.php?rest_route=\/wp\/v2\/pages\/56","targetHints":{"allow":["GET"]}}],"collection":[{"href":"https:\/\/www.kargerinfo.com\/index.php?rest_route=\/wp\/v2\/pages"}],"about":[{"href":"https:\/\/www.kargerinfo.com\/index.php?rest_route=\/wp\/v2\/types\/page"}],"author":[{"embeddable":true,"href":"https:\/\/www.kargerinfo.com\/index.php?rest_route=\/wp\/v2\/users\/1"}],"replies":[{"embeddable":true,"href":"https:\/\/www.kargerinfo.com\/index.php?rest_route=%2Fwp%2Fv2%2Fcomments&post=56"}],"version-history":[{"count":3,"href":"https:\/\/www.kargerinfo.com\/index.php?rest_route=\/wp\/v2\/pages\/56\/revisions"}],"predecessor-version":[{"id":140,"href":"https:\/\/www.kargerinfo.com\/index.php?rest_route=\/wp\/v2\/pages\/56\/revisions\/140"}],"wp:attachment":[{"href":"https:\/\/www.kargerinfo.com\/index.php?rest_route=%2Fwp%2Fv2%2Fmedia&parent=56"}],"curies":[{"name":"wp","href":"https:\/\/api.w.org\/{rel}","templated":true}]}}