{"id":148,"date":"2018-10-13T15:42:51","date_gmt":"2018-10-13T15:42:51","guid":{"rendered":"http:\/\/wp.kargerinfo.com\/?page_id=148"},"modified":"2020-08-24T14:24:22","modified_gmt":"2020-08-24T14:24:22","slug":"project-supporting","status":"publish","type":"page","link":"https:\/\/www.kargerinfo.com\/?page_id=148","title":{"rendered":"Project-Supporting"},"content":{"rendered":"<p><img loading=\"lazy\" decoding=\"async\" class=\"size-thumbnail wp-image-150 alignleft\" src=\"http:\/\/www.kargerinfo.com\/wp-content\/uploads\/2018\/10\/Himmel-Eisen-150x150.jpg\" alt=\"\" width=\"150\" height=\"150\" \/><\/p>\n<p>&#8222;So viele Ideen und so wenig Zeit.&#8220; Das ist eines der Hauptprobleme warum viele gute Ideen in Firmen nie zu einem Projekt werden. Da haben MitarbeiterInnen und Kaderleute gute Ideen die teilweise nicht einmal mehr weiter gedacht werden, da man die Zeit dazu nicht hat oder sie sich nicht nimmt. Mit der Zeit werden Ideen teilweise nicht einmal mehr kommuniziert, da nie etwas geschieht. Das ist sehr oft schade da viele dieser Ideen sp\u00e4ter in Konkurrenzfirmen auftauchen und dort verwirklicht werden. Dabei w\u00e4re es nicht zuletzt auch f\u00fcr die Motivation der MitarbeiterInnen durchaus wichtig, dass man den Ideen Beachtung schenkt und sie zumindest weiter andenkt. Aber eben, wer hat noch Zeit und Muse neue Ideen aufzunehmen, geschweige denn sie weiter zu verfolgen?<\/p>\n<p>Projektsupporting heisst nicht einfach nur ein f\u00fcr eine Firma ein Projekt betreuen und durchzuf\u00fchren. F\u00fcr mich heisst das bei der Erarbeitung des Projekts dabei zu sein. Hier geht es darum aus der urspr\u00fcnglichen Idee ein Projekt zu beschreiben es zu berechnen und dann eventuell es zu betreuen. Das heisst, dass ich zuerst pr\u00fcfe wie so eine Idee in die Firma passt, diese vielleicht ver\u00e4ndert und was f\u00fcr Auswirkungen das auf die Zukunft der Firma haben k\u00f6nnte. In einem n\u00e4chsten Schritt erst betreue ich, wenn gew\u00fcnscht, das Projekt in enger Zusammenarbeit mit der Firma.<\/p>\n<p><a href=\"http:\/\/wp.kargerinfo.com\/\">Zur\u00fcck zur Startseite<\/a><\/p>\n ","protected":false},"excerpt":{"rendered":"<p>&#8222;So viele Ideen und so wenig Zeit.&#8220; Das ist eines der Hauptprobleme warum viele gute Ideen in Firmen nie zu einem Projekt werden. Da haben MitarbeiterInnen und Kaderleute gute Ideen die teilweise nicht einmal mehr weiter gedacht werden, da man die Zeit dazu nicht hat oder sie sich nicht nimmt. Mit der Zeit werden Ideen [&hellip;]<\/p>\n","protected":false},"author":1,"featured_media":0,"parent":0,"menu_order":0,"comment_status":"closed","ping_status":"closed","template":"","meta":{"ocean_post_layout":"","ocean_both_sidebars_style":"","ocean_both_sidebars_content_width":0,"ocean_both_sidebars_sidebars_width":0,"ocean_sidebar":"0","ocean_second_sidebar":"0","ocean_disable_margins":"enable","ocean_add_body_class":"","ocean_shortcode_before_top_bar":"","ocean_shortcode_after_top_bar":"","ocean_shortcode_before_header":"","ocean_shortcode_after_header":"","ocean_has_shortcode":"","ocean_shortcode_after_title":"","ocean_shortcode_before_footer_widgets":"","ocean_shortcode_after_footer_widgets":"","ocean_shortcode_before_footer_bottom":"","ocean_shortcode_after_footer_bottom":"","ocean_display_top_bar":"default","ocean_display_header":"default","ocean_header_style":"","ocean_center_header_left_menu":"0","ocean_custom_header_template":"0","ocean_custom_logo":0,"ocean_custom_retina_logo":0,"ocean_custom_logo_max_width":0,"ocean_custom_logo_tablet_max_width":0,"ocean_custom_logo_mobile_max_width":0,"ocean_custom_logo_max_height":0,"ocean_custom_logo_tablet_max_height":0,"ocean_custom_logo_mobile_max_height":0,"ocean_header_custom_menu":"0","ocean_menu_typo_font_family":"0","ocean_menu_typo_font_subset":"","ocean_menu_typo_font_size":0,"ocean_menu_typo_font_size_tablet":0,"ocean_menu_typo_font_size_mobile":0,"ocean_menu_typo_font_size_unit":"px","ocean_menu_typo_font_weight":"","ocean_menu_typo_font_weight_tablet":"","ocean_menu_typo_font_weight_mobile":"","ocean_menu_typo_transform":"","ocean_menu_typo_transform_tablet":"","ocean_menu_typo_transform_mobile":"","ocean_menu_typo_line_height":0,"ocean_menu_typo_line_height_tablet":0,"ocean_menu_typo_line_height_mobile":0,"ocean_menu_typo_line_height_unit":"","ocean_menu_typo_spacing":0,"ocean_menu_typo_spacing_tablet":0,"ocean_menu_typo_spacing_mobile":0,"ocean_menu_typo_spacing_unit":"","ocean_menu_link_color":"","ocean_menu_link_color_hover":"","ocean_menu_link_color_active":"","ocean_menu_link_background":"","ocean_menu_link_hover_background":"","ocean_menu_link_active_background":"","ocean_menu_social_links_bg":"","ocean_menu_social_hover_links_bg":"","ocean_menu_social_links_color":"","ocean_menu_social_hover_links_color":"","ocean_disable_title":"default","ocean_disable_heading":"default","ocean_post_title":"","ocean_post_subheading":"","ocean_post_title_style":"","ocean_post_title_background_color":"","ocean_post_title_background":0,"ocean_post_title_bg_image_position":"","ocean_post_title_bg_image_attachment":"","ocean_post_title_bg_image_repeat":"","ocean_post_title_bg_image_size":"","ocean_post_title_height":0,"ocean_post_title_bg_overlay":0.5,"ocean_post_title_bg_overlay_color":"","ocean_disable_breadcrumbs":"default","ocean_breadcrumbs_color":"","ocean_breadcrumbs_separator_color":"","ocean_breadcrumbs_links_color":"","ocean_breadcrumbs_links_hover_color":"","ocean_display_footer_widgets":"default","ocean_display_footer_bottom":"default","ocean_custom_footer_template":"0","footnotes":""},"class_list":["post-148","page","type-page","status-publish","hentry","entry"],"_links":{"self":[{"href":"https:\/\/www.kargerinfo.com\/index.php?rest_route=\/wp\/v2\/pages\/148","targetHints":{"allow":["GET"]}}],"collection":[{"href":"https:\/\/www.kargerinfo.com\/index.php?rest_route=\/wp\/v2\/pages"}],"about":[{"href":"https:\/\/www.kargerinfo.com\/index.php?rest_route=\/wp\/v2\/types\/page"}],"author":[{"embeddable":true,"href":"https:\/\/www.kargerinfo.com\/index.php?rest_route=\/wp\/v2\/users\/1"}],"replies":[{"embeddable":true,"href":"https:\/\/www.kargerinfo.com\/index.php?rest_route=%2Fwp%2Fv2%2Fcomments&post=148"}],"version-history":[{"count":5,"href":"https:\/\/www.kargerinfo.com\/index.php?rest_route=\/wp\/v2\/pages\/148\/revisions"}],"predecessor-version":[{"id":193,"href":"https:\/\/www.kargerinfo.com\/index.php?rest_route=\/wp\/v2\/pages\/148\/revisions\/193"}],"wp:attachment":[{"href":"https:\/\/www.kargerinfo.com\/index.php?rest_route=%2Fwp%2Fv2%2Fmedia&parent=148"}],"curies":[{"name":"wp","href":"https:\/\/api.w.org\/{rel}","templated":true}]}}