{"id":142,"date":"2018-10-13T15:37:48","date_gmt":"2018-10-13T15:37:48","guid":{"rendered":"http:\/\/wp.kargerinfo.com\/?page_id=142"},"modified":"2020-08-24T14:22:45","modified_gmt":"2020-08-24T14:22:45","slug":"verkaufstraining","status":"publish","type":"page","link":"https:\/\/www.kargerinfo.com\/?page_id=142","title":{"rendered":"Verkaufstraining"},"content":{"rendered":"<p><img loading=\"lazy\" decoding=\"async\" class=\"alignleft size-thumbnail wp-image-157\" src=\"http:\/\/www.kargerinfo.com\/wp-content\/uploads\/2018\/10\/Afrikaholz-150x150.jpg\" alt=\"\" width=\"150\" height=\"150\" \/>Wenn ich von verkaufen rede, dann ist nicht nur das Personal in einem Laden gemeint. Ich denke dabei auch daran wie sich die Angestellten in einer Firma Benehmen. \u00dcberall da wo Kontakt mit Partnern und Kunden stattfindet verkauft sich eine Firma und gibt so ihre Visitenkarte ab. Wie zum Beispiel ein Anruf angenommen wird oder BesucherInnen willkommen geheissen werden, ist eine wichtige Sache und muss definiert und trainiert werden. Stellen Sie sich vor sie besuchen eine Firma, kommen in ein Bureau begr\u00fcssen die Angestellten und niemand beachtet sie, alle arbeiten weiter. Das f\u00e4ngt schon beim Empfang an, mir passiert es immer wieder, dass ich mich in einer Firma anmelden m\u00f6chte, an den Empfang komme und sich die Damen oder Herren da munter miteinander unterhalten oder Telefonieren und mir keine Aufmerksamkeit schenken weder per Augenkontakt noch mit einem Handzeichen. Ist das Gespr\u00e4ch fertig gef\u00fchrt schaut man m\u00fcrrisch auf und fragt was man wolle. Klar dass man sich in so einem Fall als Besucher nicht sehr wohl f\u00fchlt. Das kann, wie in einem Ladengesch\u00e4ft auch, dazu f\u00fchren dass ein nachfolgendes Gespr\u00e4ch schwierig wird.<br \/>\nIn fr\u00fcheren Kursen als Verkaufstrainer, habe ich das Training immer mit folgender Frage er\u00f6ffnet. &#8222;was st\u00f6rt uns im Verkauf am meisten&#8220;. die Antworten waren immer recht vielf\u00e4ltig aber nie war die gew\u00fcnschte Antwort dabei. Die Antwort was uns am meisten im Verkauf st\u00f6rt ist ganz einfach: es ist der Kunde und die Kundin die uns nicht unsere Arbeit tun lassen! Bei Konkurrenz Analysen sind die KursteilnehmerInnen immer sehr kritisch, sie merken schnell ob sie in einem Laden, in einer Firma willkommen sind und ob der\/die Verk\u00e4uferIn Lust zum Verkaufen hat. Das bei sich selbst umzusetzen ist dann immer sehr viel schwieriger.<\/p>\n<p>Normalerweise gehe ich bei einem Verkaufstraining folgendermassen vor: nach der Auftragserteilung besuche ich die Firma oder den Laden mehrere Male und notiere ,ir erste Kritikpunkte. Bei gr\u00f6sseren Firmen setze ich Misteryshopper mit Verkaufserfahrung ein. Diese Kritikpunkte werden mit dem Personal analysiert und wir suchen gemeinsam nach Korrekturm\u00f6glichkeiten. Selbstverst\u00e4ndlich werden die Vorgesetzten mit einbezogen und informiert. Die Angestellten bekommen Aufgaben wie Konkurrenzbesuche oder sie m\u00fcssen in kurzen Worten zum Beispiel erz\u00e4hlen wie eine perfekte Verk\u00e4uferIn verkauft. Zus\u00e4tzlich reden wir \u00fcber besagte Visitenkarte.<br \/>\nZusammen mit den Verantwortlichen erstellen wir die Regeln wie ein Anruf angenommen wird. Wie weiter verbunden wird, wie die Reaktion ist wenn ein Mitarbeiter nicht da ist usw. Mit den Regeln zur Begr\u00fcssung von BesucherInnen runden wir das Training ab.<br \/>\nIn weiteren Schritten kontrolliere ich nach Absprache, das Gelernte und korrigiere es.<\/p>\n<p>Es ist klar, dass Verkaufen je nach Firma und Laden unterschiedlich ausgelegt werden muss und soll. Das Verkaufstraining soll also ganz auf die Branche und Ausrichtung angepasst werden. Wie oben beschrieben geht es hier um die Visitenkarte ihrer Firma.<\/p>\n<p><a href=\"http:\/\/wp.kargerinfo.com\/\">Zur\u00fcck zur Startseite<\/a><\/p>\n ","protected":false},"excerpt":{"rendered":"<p>Wenn ich von verkaufen rede, dann ist nicht nur das Personal in einem Laden gemeint. Ich denke dabei auch daran wie sich die Angestellten in einer Firma Benehmen. \u00dcberall da wo Kontakt mit Partnern und Kunden stattfindet verkauft sich eine Firma und gibt so ihre Visitenkarte ab. Wie zum Beispiel ein Anruf angenommen wird oder [&hellip;]<\/p>\n","protected":false},"author":1,"featured_media":0,"parent":0,"menu_order":0,"comment_status":"closed","ping_status":"closed","template":"","meta":{"ocean_post_layout":"","ocean_both_sidebars_style":"","ocean_both_sidebars_content_width":0,"ocean_both_sidebars_sidebars_width":0,"ocean_sidebar":"0","ocean_second_sidebar":"0","ocean_disable_margins":"enable","ocean_add_body_class":"","ocean_shortcode_before_top_bar":"","ocean_shortcode_after_top_bar":"","ocean_shortcode_before_header":"","ocean_shortcode_after_header":"","ocean_has_shortcode":"","ocean_shortcode_after_title":"","ocean_shortcode_before_footer_widgets":"","ocean_shortcode_after_footer_widgets":"","ocean_shortcode_before_footer_bottom":"","ocean_shortcode_after_footer_bottom":"","ocean_display_top_bar":"default","ocean_display_header":"default","ocean_header_style":"","ocean_center_header_left_menu":"0","ocean_custom_header_template":"0","ocean_custom_logo":0,"ocean_custom_retina_logo":0,"ocean_custom_logo_max_width":0,"ocean_custom_logo_tablet_max_width":0,"ocean_custom_logo_mobile_max_width":0,"ocean_custom_logo_max_height":0,"ocean_custom_logo_tablet_max_height":0,"ocean_custom_logo_mobile_max_height":0,"ocean_header_custom_menu":"0","ocean_menu_typo_font_family":"0","ocean_menu_typo_font_subset":"","ocean_menu_typo_font_size":0,"ocean_menu_typo_font_size_tablet":0,"ocean_menu_typo_font_size_mobile":0,"ocean_menu_typo_font_size_unit":"px","ocean_menu_typo_font_weight":"","ocean_menu_typo_font_weight_tablet":"","ocean_menu_typo_font_weight_mobile":"","ocean_menu_typo_transform":"","ocean_menu_typo_transform_tablet":"","ocean_menu_typo_transform_mobile":"","ocean_menu_typo_line_height":0,"ocean_menu_typo_line_height_tablet":0,"ocean_menu_typo_line_height_mobile":0,"ocean_menu_typo_line_height_unit":"","ocean_menu_typo_spacing":0,"ocean_menu_typo_spacing_tablet":0,"ocean_menu_typo_spacing_mobile":0,"ocean_menu_typo_spacing_unit":"","ocean_menu_link_color":"","ocean_menu_link_color_hover":"","ocean_menu_link_color_active":"","ocean_menu_link_background":"","ocean_menu_link_hover_background":"","ocean_menu_link_active_background":"","ocean_menu_social_links_bg":"","ocean_menu_social_hover_links_bg":"","ocean_menu_social_links_color":"","ocean_menu_social_hover_links_color":"","ocean_disable_title":"default","ocean_disable_heading":"default","ocean_post_title":"","ocean_post_subheading":"","ocean_post_title_style":"","ocean_post_title_background_color":"","ocean_post_title_background":0,"ocean_post_title_bg_image_position":"","ocean_post_title_bg_image_attachment":"","ocean_post_title_bg_image_repeat":"","ocean_post_title_bg_image_size":"","ocean_post_title_height":0,"ocean_post_title_bg_overlay":0.5,"ocean_post_title_bg_overlay_color":"","ocean_disable_breadcrumbs":"default","ocean_breadcrumbs_color":"","ocean_breadcrumbs_separator_color":"","ocean_breadcrumbs_links_color":"","ocean_breadcrumbs_links_hover_color":"","ocean_display_footer_widgets":"default","ocean_display_footer_bottom":"default","ocean_custom_footer_template":"0","footnotes":""},"class_list":["post-142","page","type-page","status-publish","hentry","entry"],"_links":{"self":[{"href":"https:\/\/www.kargerinfo.com\/index.php?rest_route=\/wp\/v2\/pages\/142","targetHints":{"allow":["GET"]}}],"collection":[{"href":"https:\/\/www.kargerinfo.com\/index.php?rest_route=\/wp\/v2\/pages"}],"about":[{"href":"https:\/\/www.kargerinfo.com\/index.php?rest_route=\/wp\/v2\/types\/page"}],"author":[{"embeddable":true,"href":"https:\/\/www.kargerinfo.com\/index.php?rest_route=\/wp\/v2\/users\/1"}],"replies":[{"embeddable":true,"href":"https:\/\/www.kargerinfo.com\/index.php?rest_route=%2Fwp%2Fv2%2Fcomments&post=142"}],"version-history":[{"count":5,"href":"https:\/\/www.kargerinfo.com\/index.php?rest_route=\/wp\/v2\/pages\/142\/revisions"}],"predecessor-version":[{"id":191,"href":"https:\/\/www.kargerinfo.com\/index.php?rest_route=\/wp\/v2\/pages\/142\/revisions\/191"}],"wp:attachment":[{"href":"https:\/\/www.kargerinfo.com\/index.php?rest_route=%2Fwp%2Fv2%2Fmedia&parent=142"}],"curies":[{"name":"wp","href":"https:\/\/api.w.org\/{rel}","templated":true}]}}