{"id":118,"date":"2018-10-13T15:08:39","date_gmt":"2018-10-13T15:08:39","guid":{"rendered":"http:\/\/wp.kargerinfo.com\/?page_id=118"},"modified":"2018-10-13T15:49:21","modified_gmt":"2018-10-13T15:49:21","slug":"marketing-coaching","status":"publish","type":"page","link":"https:\/\/www.kargerinfo.com\/?page_id=118","title":{"rendered":"Marketing-Coaching"},"content":{"rendered":"<p><em><a href=\"wp-content\/uploads\/2018\/10\/RheinhafenWeil-4.jpg\"><img loading=\"lazy\" decoding=\"async\" class=\"alignleft size-full wp-image-62\" src=\"http:\/\/wp.kargerinfo.com\/wp-content\/uploads\/2018\/10\/22.png\" alt=\"\" width=\"665\" height=\"140\" srcset=\"https:\/\/www.kargerinfo.com\/wp-content\/uploads\/2018\/10\/22.png 665w, https:\/\/www.kargerinfo.com\/wp-content\/uploads\/2018\/10\/22-300x63.png 300w\" sizes=\"auto, (max-width: 665px) 100vw, 665px\" \/><\/a>Die Geschichte ist zwar bekannt aber veranschaulicht die Grundidee des Marketings sehr sch\u00f6n. &#8218;Ein Barbetreiber hat in der W\u00fcste eine Bar die sehr kalte Getr\u00e4nke anbietet aber keiner kommt hin. Der Barbetreiber beklagt sich bei einem Besuch in der Stadt, bei seinem Kollegen. Dieser k\u00fcndet seinen Besuch am n\u00e4chsten Tag an kommt aber nicht, als er nach drei Tagen immer noch nicht kommt, reitet der W\u00fcsten-Bar-Betreiber wieder in die Stadt und fragt nach. Da erkl\u00e4rt ihm der Kollege das er die W\u00fcsten-Bar nicht gefunden habe. Er solle doch seine Bar anschreiben und vielleicht noch einige Wegweiser aufstellen. Das tut der W\u00fcsten-Bar-Betreiber und siehe da pl\u00f6tzlich kommen alle die durstigen Reisenden und Cowboys in die Bar.<\/em><\/p>\n<p>Diese Situation treffe ich in vielen Variationen immer wieder an. Ein\/e LadenbetreiberIn bietet zwar gute, interessante, gar einmalige Ware an, vernachl\u00e4ssigt aber das Marketing (sehr oft aus Kostengr\u00fcnden, was oft nicht stimmt) und wundert sich \u00fcber den schlechten Gesch\u00e4ftsgang. Klar ist es heute nicht sehr einfach die Einmaligkeit eines Ladens herauszuheben. Zumal es von der Verkaufsware her in vielen Branchen wenig M\u00f6glichkeiten gibt sich abzuheben, die Globalisierung hat auch hier zugeschlagen. Ein Laden kann sich aber sehr gut \u00fcber seine Spezialisierung abheben. Hier geht es um kompetente Bedienung mit Fachwissen, um \u00d6ffnungszeiten, um Fokussierung auf ein bestimmtes Zielpublikum, um die Lage des Ladens und so weiter. Der Fantasie diese Spezialisierungen zu bewerben sind kaum Grenzen gesetzt.<\/p>\n<p>Marketing heisst in diesem Fall: Zeige wie speziell Dein Laden ist. Hebe hervor was Du kannst (da k\u00f6nnen wir noch sehr viel von Deutschland und USA lernen). Binde Deine Kunden (nicht immer zwingend \u00fcber den Preis) an Deinen Laden. Auch hier gilt es Fantasie zu beweisen. Heute kann man unter sehr vielen Werbem\u00f6glichkeiten ausw\u00e4hlen. Das geht von Print Medien (Zeitungen, Zeitschriften u.\u00e4.) \u00fcber elektronische Medien (TV, Internet, Newsletter u.\u00e4.) bis zu Kino, Radio Plakat aber auch Handzettel, Aktionen usw. Wichtig ist hier immer, auffallen.<\/p>\n<p>Es lohnt sich immer in Kampagnen zu denken. Dabei muss nicht von Anfang an durchgeplant und vorfinanziert werden (wer kann sich so etwas heute noch leisten). Vielmehr geht es darum bei allen Aktivit\u00e4ten immer darauf zu achten, dass man Angebote abrundet und diese im Rahmen einer erkennbaren Strategie einbaut.<\/p>\n<p>Hier setzt die Arbeit des Marketingcoaches ein. Mein Ziel ist es Ihnen aufzuzeigen wo und wie Sie Ihre Spezialisierung hervorheben k\u00f6nnen und wie diese Vermarktet werden kann. Im Sinne eines Coachings arbeite ich nicht mit fertigen Programmen und Abl\u00e4ufen, mir ist es wichtig mit Ihnen zu arbeiten und zusammen die Pl\u00e4ne auszuarbeiten.<\/p>\n<p><a href=\"http:\/\/wp.kargerinfo.com\/\">Zur\u00fcck zur Startseite<\/a><\/p>\n ","protected":false},"excerpt":{"rendered":"<p>Die Geschichte ist zwar bekannt aber veranschaulicht die Grundidee des Marketings sehr sch\u00f6n. &#8218;Ein Barbetreiber hat in der W\u00fcste eine Bar die sehr kalte Getr\u00e4nke anbietet aber keiner kommt hin. Der Barbetreiber beklagt sich bei einem Besuch in der Stadt, bei seinem Kollegen. Dieser k\u00fcndet seinen Besuch am n\u00e4chsten Tag an kommt aber nicht, als [&hellip;]<\/p>\n","protected":false},"author":1,"featured_media":0,"parent":0,"menu_order":0,"comment_status":"closed","ping_status":"closed","template":"","meta":{"ocean_post_layout":"","ocean_both_sidebars_style":"","ocean_both_sidebars_content_width":0,"ocean_both_sidebars_sidebars_width":0,"ocean_sidebar":"0","ocean_second_sidebar":"0","ocean_disable_margins":"enable","ocean_add_body_class":"","ocean_shortcode_before_top_bar":"","ocean_shortcode_after_top_bar":"","ocean_shortcode_before_header":"","ocean_shortcode_after_header":"","ocean_has_shortcode":"","ocean_shortcode_after_title":"","ocean_shortcode_before_footer_widgets":"","ocean_shortcode_after_footer_widgets":"","ocean_shortcode_before_footer_bottom":"","ocean_shortcode_after_footer_bottom":"","ocean_display_top_bar":"default","ocean_display_header":"default","ocean_header_style":"","ocean_center_header_left_menu":"0","ocean_custom_header_template":"0","ocean_custom_logo":0,"ocean_custom_retina_logo":0,"ocean_custom_logo_max_width":0,"ocean_custom_logo_tablet_max_width":0,"ocean_custom_logo_mobile_max_width":0,"ocean_custom_logo_max_height":0,"ocean_custom_logo_tablet_max_height":0,"ocean_custom_logo_mobile_max_height":0,"ocean_header_custom_menu":"0","ocean_menu_typo_font_family":"0","ocean_menu_typo_font_subset":"","ocean_menu_typo_font_size":0,"ocean_menu_typo_font_size_tablet":0,"ocean_menu_typo_font_size_mobile":0,"ocean_menu_typo_font_size_unit":"px","ocean_menu_typo_font_weight":"","ocean_menu_typo_font_weight_tablet":"","ocean_menu_typo_font_weight_mobile":"","ocean_menu_typo_transform":"","ocean_menu_typo_transform_tablet":"","ocean_menu_typo_transform_mobile":"","ocean_menu_typo_line_height":0,"ocean_menu_typo_line_height_tablet":0,"ocean_menu_typo_line_height_mobile":0,"ocean_menu_typo_line_height_unit":"","ocean_menu_typo_spacing":0,"ocean_menu_typo_spacing_tablet":0,"ocean_menu_typo_spacing_mobile":0,"ocean_menu_typo_spacing_unit":"","ocean_menu_link_color":"","ocean_menu_link_color_hover":"","ocean_menu_link_color_active":"","ocean_menu_link_background":"","ocean_menu_link_hover_background":"","ocean_menu_link_active_background":"","ocean_menu_social_links_bg":"","ocean_menu_social_hover_links_bg":"","ocean_menu_social_links_color":"","ocean_menu_social_hover_links_color":"","ocean_disable_title":"default","ocean_disable_heading":"default","ocean_post_title":"","ocean_post_subheading":"","ocean_post_title_style":"","ocean_post_title_background_color":"","ocean_post_title_background":0,"ocean_post_title_bg_image_position":"","ocean_post_title_bg_image_attachment":"","ocean_post_title_bg_image_repeat":"","ocean_post_title_bg_image_size":"","ocean_post_title_height":0,"ocean_post_title_bg_overlay":0.5,"ocean_post_title_bg_overlay_color":"","ocean_disable_breadcrumbs":"default","ocean_breadcrumbs_color":"","ocean_breadcrumbs_separator_color":"","ocean_breadcrumbs_links_color":"","ocean_breadcrumbs_links_hover_color":"","ocean_display_footer_widgets":"default","ocean_display_footer_bottom":"default","ocean_custom_footer_template":"0","footnotes":""},"class_list":["post-118","page","type-page","status-publish","hentry","entry"],"_links":{"self":[{"href":"https:\/\/www.kargerinfo.com\/index.php?rest_route=\/wp\/v2\/pages\/118","targetHints":{"allow":["GET"]}}],"collection":[{"href":"https:\/\/www.kargerinfo.com\/index.php?rest_route=\/wp\/v2\/pages"}],"about":[{"href":"https:\/\/www.kargerinfo.com\/index.php?rest_route=\/wp\/v2\/types\/page"}],"author":[{"embeddable":true,"href":"https:\/\/www.kargerinfo.com\/index.php?rest_route=\/wp\/v2\/users\/1"}],"replies":[{"embeddable":true,"href":"https:\/\/www.kargerinfo.com\/index.php?rest_route=%2Fwp%2Fv2%2Fcomments&post=118"}],"version-history":[{"count":4,"href":"https:\/\/www.kargerinfo.com\/index.php?rest_route=\/wp\/v2\/pages\/118\/revisions"}],"predecessor-version":[{"id":158,"href":"https:\/\/www.kargerinfo.com\/index.php?rest_route=\/wp\/v2\/pages\/118\/revisions\/158"}],"wp:attachment":[{"href":"https:\/\/www.kargerinfo.com\/index.php?rest_route=%2Fwp%2Fv2%2Fmedia&parent=118"}],"curies":[{"name":"wp","href":"https:\/\/api.w.org\/{rel}","templated":true}]}}